{"id":256,"date":"2022-02-04T22:14:26","date_gmt":"2022-02-05T04:14:26","guid":{"rendered":"https:\/\/casaabierta.azc.uam.mx\/?page_id=256"},"modified":"2023-01-31T16:28:39","modified_gmt":"2023-01-31T22:28:39","slug":"evaluacion-trimestre","status":"publish","type":"page","link":"https:\/\/casaabierta.azc.uam.mx\/?page_id=256","title":{"rendered":"Evaluaciones-Trimestre"},"content":{"rendered":"\t\t<div data-elementor-type=\"wp-page\" data-elementor-id=\"256\" class=\"elementor elementor-256\">\n\t\t\t\t\t\t<section class=\"elementor-section elementor-top-section elementor-element elementor-element-9282844 elementor-section-boxed elementor-section-height-default elementor-section-height-default\" data-id=\"9282844\" data-element_type=\"section\" data-settings=\"{&quot;background_background&quot;:&quot;classic&quot;}\">\n\t\t\t\t\t\t<div class=\"elementor-container elementor-column-gap-default\">\n\t\t\t\t\t<div class=\"elementor-column elementor-col-100 elementor-top-column elementor-element elementor-element-eb629f4\" data-id=\"eb629f4\" data-element_type=\"column\">\n\t\t\t<div class=\"elementor-widget-wrap elementor-element-populated\">\n\t\t\t\t\t\t<div class=\"elementor-element elementor-element-f6c1f22 elementor-widget elementor-widget-spacer\" data-id=\"f6c1f22\" data-element_type=\"widget\" data-widget_type=\"spacer.default\">\n\t\t\t\t<div class=\"elementor-widget-container\">\n\t\t\t\t\t<div class=\"elementor-spacer\">\n\t\t\t<div class=\"elementor-spacer-inner\"><\/div>\n\t\t<\/div>\n\t\t\t\t<\/div>\n\t\t\t\t<\/div>\n\t\t\t\t<div class=\"elementor-element elementor-element-802d59f elementor-widget__width-inherit eael-dual-header-content-align-center elementor-widget elementor-widget-eael-dual-color-header\" data-id=\"802d59f\" data-element_type=\"widget\" data-widget_type=\"eael-dual-color-header.default\">\n\t\t\t\t<div class=\"elementor-widget-container\">\n\t\t\t\t\t\t<div class=\"eael-dual-header\">\n\t\t\t\t<h2 class=\"title\"><span class=\"lead solid-color\">Evaluaciones Recuperaci\u00f3n<\/span> <span>\/ UEA Trimestre<\/span><\/h2><div class=\"eael-dch-separator-wrap\"><span class=\"separator-one\"><\/span>\n\t\t\t<span class=\"separator-two\"><\/span><\/div>\t\t\t\t<span class=\"subtext\"><h3>\u00a0<\/h3><h4>ALUMNAS, ALUMNOS:<\/h4><p>Aqu\u00ed podr\u00e1s localizar a las profesoras y los profesores asignados para las Evaluaciones de Recuperaci\u00f3n a las que te inscribiste, sus correos electr\u00f3nicos de contacto y las instrucciones que deber\u00e1s seguir.<\/p><p>De igual manera podr\u00e1s localizar las UEA que se impartir\u00e1n en el siguiente trimestre, a las profesoras y los profesores asignados, sus correos electr\u00f3nicos de contacto y las instrucciones que deber\u00e1s seguir.<\/p><p><strong>Sitio en constante actualizaci\u00f3n.<\/strong><\/p><\/span>\n\t\t\t\t\t\t\t<\/div>\n\n\t\t\t\t<\/div>\n\t\t\t\t<\/div>\n\t\t\t\t\t<\/div>\n\t\t<\/div>\n\t\t\t\t\t<\/div>\n\t\t<\/section>\n\t\t\t\t<section class=\"elementor-section elementor-top-section elementor-element elementor-element-80a5379 elementor-section-full_width elementor-section-height-default elementor-section-height-default\" data-id=\"80a5379\" data-element_type=\"section\" data-settings=\"{&quot;background_background&quot;:&quot;gradient&quot;}\">\n\t\t\t\t\t\t<div class=\"elementor-container elementor-column-gap-default\">\n\t\t\t\t\t<div class=\"elementor-column elementor-col-50 elementor-top-column elementor-element elementor-element-8159f49\" data-id=\"8159f49\" data-element_type=\"column\" data-settings=\"{&quot;background_background&quot;:&quot;classic&quot;}\">\n\t\t\t<div class=\"elementor-widget-wrap elementor-element-populated\">\n\t\t\t\t\t\t<div class=\"elementor-element elementor-element-412f81b elementor-widget elementor-widget-heading\" data-id=\"412f81b\" data-element_type=\"widget\" data-widget_type=\"heading.default\">\n\t\t\t\t<div class=\"elementor-widget-container\">\n\t\t\t<h2 class=\"elementor-heading-title elementor-size-default\">Recuperaci\u00f3n 22-O<\/h2>\t\t<\/div>\n\t\t\t\t<\/div>\n\t\t\t\t<div class=\"elementor-element elementor-element-6c99854 elementor-widget elementor-widget-heading\" data-id=\"6c99854\" data-element_type=\"widget\" data-widget_type=\"heading.default\">\n\t\t\t\t<div class=\"elementor-widget-container\">\n\t\t\t<h4 class=\"elementor-heading-title elementor-size-default\">Clic en la Divisi\u00f3n para ver listado de evaluaciones e instrucciones.<\/h4>\t\t<\/div>\n\t\t\t\t<\/div>\n\t\t\t\t<section class=\"elementor-section elementor-inner-section elementor-element elementor-element-05093d9 elementor-section-height-min-height elementor-section-content-middle elementor-section-boxed elementor-section-height-default\" data-id=\"05093d9\" data-element_type=\"section\" data-settings=\"{&quot;background_background&quot;:&quot;classic&quot;}\">\n\t\t\t\t\t\t<div class=\"elementor-container elementor-column-gap-default\">\n\t\t\t\t\t<div class=\"elementor-column elementor-col-33 elementor-inner-column elementor-element elementor-element-b832777\" data-id=\"b832777\" data-element_type=\"column\">\n\t\t\t<div class=\"elementor-widget-wrap elementor-element-populated\">\n\t\t\t\t\t\t<div class=\"elementor-element elementor-element-0c56379 elementor-widget elementor-widget-image\" data-id=\"0c56379\" data-element_type=\"widget\" data-widget_type=\"image.default\">\n\t\t\t\t<div class=\"elementor-widget-container\">\n\t\t\t\t\t\t\t\t\t\t\t\t\t\t<a href=\"#\">\n\t\t\t\t\t\t\t<img fetchpriority=\"high\" decoding=\"async\" width=\"433\" height=\"158\" src=\"https:\/\/casaabierta.azc.uam.mx\/wp-content\/uploads\/2022\/02\/logoCBI.png\" class=\"attachment-large size-large wp-image-316\" alt=\"\" srcset=\"https:\/\/casaabierta.azc.uam.mx\/wp-content\/uploads\/2022\/02\/logoCBI.png 433w, https:\/\/casaabierta.azc.uam.mx\/wp-content\/uploads\/2022\/02\/logoCBI-300x109.png 300w\" sizes=\"(max-width: 433px) 100vw, 433px\" \/>\t\t\t\t\t\t\t\t<\/a>\n\t\t\t\t\t\t\t\t\t\t\t\t\t<\/div>\n\t\t\t\t<\/div>\n\t\t\t\t\t<\/div>\n\t\t<\/div>\n\t\t\t\t<div class=\"elementor-column elementor-col-33 elementor-inner-column elementor-element elementor-element-1ddd529\" data-id=\"1ddd529\" data-element_type=\"column\">\n\t\t\t<div class=\"elementor-widget-wrap elementor-element-populated\">\n\t\t\t\t\t\t<div class=\"elementor-element elementor-element-8e5ac86 elementor-widget elementor-widget-image\" data-id=\"8e5ac86\" data-element_type=\"widget\" data-widget_type=\"image.default\">\n\t\t\t\t<div class=\"elementor-widget-container\">\n\t\t\t\t\t\t\t\t\t\t\t\t\t\t<a href=\"https:\/\/digitaldcsh.azc.uam.mx\/casaabiertadcsh\/\" target=\"_blank\">\n\t\t\t\t\t\t\t<img decoding=\"async\" width=\"433\" height=\"158\" src=\"https:\/\/casaabierta.azc.uam.mx\/wp-content\/uploads\/2022\/02\/logoCSH.png\" class=\"attachment-large size-large wp-image-318\" alt=\"\" srcset=\"https:\/\/casaabierta.azc.uam.mx\/wp-content\/uploads\/2022\/02\/logoCSH.png 433w, https:\/\/casaabierta.azc.uam.mx\/wp-content\/uploads\/2022\/02\/logoCSH-300x109.png 300w\" sizes=\"(max-width: 433px) 100vw, 433px\" \/>\t\t\t\t\t\t\t\t<\/a>\n\t\t\t\t\t\t\t\t\t\t\t\t\t<\/div>\n\t\t\t\t<\/div>\n\t\t\t\t\t<\/div>\n\t\t<\/div>\n\t\t\t\t<div class=\"elementor-column elementor-col-33 elementor-inner-column elementor-element elementor-element-ad1e202\" data-id=\"ad1e202\" data-element_type=\"column\">\n\t\t\t<div class=\"elementor-widget-wrap elementor-element-populated\">\n\t\t\t\t\t\t<div class=\"elementor-element elementor-element-c6f3b76 elementor-widget elementor-widget-image\" data-id=\"c6f3b76\" data-element_type=\"widget\" data-widget_type=\"image.default\">\n\t\t\t\t<div class=\"elementor-widget-container\">\n\t\t\t\t\t\t\t\t\t\t\t\t\t\t<a href=\"#\">\n\t\t\t\t\t\t\t<img decoding=\"async\" width=\"433\" height=\"158\" src=\"https:\/\/casaabierta.azc.uam.mx\/wp-content\/uploads\/2022\/02\/logoCAD.png\" class=\"attachment-large size-large wp-image-315\" alt=\"\" srcset=\"https:\/\/casaabierta.azc.uam.mx\/wp-content\/uploads\/2022\/02\/logoCAD.png 433w, https:\/\/casaabierta.azc.uam.mx\/wp-content\/uploads\/2022\/02\/logoCAD-300x109.png 300w\" sizes=\"(max-width: 433px) 100vw, 433px\" \/>\t\t\t\t\t\t\t\t<\/a>\n\t\t\t\t\t\t\t\t\t\t\t\t\t<\/div>\n\t\t\t\t<\/div>\n\t\t\t\t\t<\/div>\n\t\t<\/div>\n\t\t\t\t\t<\/div>\n\t\t<\/section>\n\t\t\t\t\t<\/div>\n\t\t<\/div>\n\t\t\t\t<div class=\"elementor-column elementor-col-50 elementor-top-column elementor-element elementor-element-635c3dd\" data-id=\"635c3dd\" data-element_type=\"column\" data-settings=\"{&quot;background_background&quot;:&quot;classic&quot;}\">\n\t\t\t<div class=\"elementor-widget-wrap elementor-element-populated\">\n\t\t\t\t\t\t<div class=\"elementor-element elementor-element-50476ad elementor-widget elementor-widget-heading\" data-id=\"50476ad\" data-element_type=\"widget\" data-widget_type=\"heading.default\">\n\t\t\t\t<div class=\"elementor-widget-container\">\n\t\t\t<h2 class=\"elementor-heading-title elementor-size-default\">UEA Trimestre 23-I<\/h2>\t\t<\/div>\n\t\t\t\t<\/div>\n\t\t\t\t<div class=\"elementor-element elementor-element-eccb2d1 elementor-widget elementor-widget-heading\" data-id=\"eccb2d1\" data-element_type=\"widget\" data-widget_type=\"heading.default\">\n\t\t\t\t<div class=\"elementor-widget-container\">\n\t\t\t<h4 class=\"elementor-heading-title elementor-size-default\">Clic en la Divisi\u00f3n para ver listado de UEA e instrucciones.<\/h4>\t\t<\/div>\n\t\t\t\t<\/div>\n\t\t\t\t<section class=\"elementor-section elementor-inner-section elementor-element elementor-element-5490b5d elementor-section-height-min-height elementor-section-content-middle elementor-section-boxed elementor-section-height-default\" data-id=\"5490b5d\" data-element_type=\"section\" data-settings=\"{&quot;background_background&quot;:&quot;classic&quot;}\">\n\t\t\t\t\t\t<div class=\"elementor-container elementor-column-gap-narrow\">\n\t\t\t\t\t<div class=\"elementor-column elementor-col-25 elementor-inner-column elementor-element elementor-element-7fa2f11\" data-id=\"7fa2f11\" data-element_type=\"column\">\n\t\t\t<div class=\"elementor-widget-wrap elementor-element-populated\">\n\t\t\t\t\t\t<div class=\"elementor-element elementor-element-9d7f944 elementor-widget elementor-widget-image\" data-id=\"9d7f944\" data-element_type=\"widget\" data-widget_type=\"image.default\">\n\t\t\t\t<div class=\"elementor-widget-container\">\n\t\t\t\t\t\t\t\t\t\t\t\t\t\t<a href=\"#\">\n\t\t\t\t\t\t\t<img fetchpriority=\"high\" decoding=\"async\" width=\"433\" height=\"158\" src=\"https:\/\/casaabierta.azc.uam.mx\/wp-content\/uploads\/2022\/02\/logoCBI.png\" class=\"attachment-large size-large wp-image-316\" alt=\"\" srcset=\"https:\/\/casaabierta.azc.uam.mx\/wp-content\/uploads\/2022\/02\/logoCBI.png 433w, https:\/\/casaabierta.azc.uam.mx\/wp-content\/uploads\/2022\/02\/logoCBI-300x109.png 300w\" sizes=\"(max-width: 433px) 100vw, 433px\" \/>\t\t\t\t\t\t\t\t<\/a>\n\t\t\t\t\t\t\t\t\t\t\t\t\t<\/div>\n\t\t\t\t<\/div>\n\t\t\t\t\t<\/div>\n\t\t<\/div>\n\t\t\t\t<div class=\"elementor-column elementor-col-25 elementor-inner-column elementor-element elementor-element-500658f\" data-id=\"500658f\" data-element_type=\"column\">\n\t\t\t<div class=\"elementor-widget-wrap elementor-element-populated\">\n\t\t\t\t\t\t<div class=\"elementor-element elementor-element-64a5faf elementor-widget elementor-widget-image\" data-id=\"64a5faf\" data-element_type=\"widget\" data-widget_type=\"image.default\">\n\t\t\t\t<div class=\"elementor-widget-container\">\n\t\t\t\t\t\t\t\t\t\t\t\t\t\t<a href=\"https:\/\/digitaldcsh.azc.uam.mx\/casaabiertadcsh\/\" target=\"_blank\">\n\t\t\t\t\t\t\t<img decoding=\"async\" width=\"433\" height=\"158\" src=\"https:\/\/casaabierta.azc.uam.mx\/wp-content\/uploads\/2022\/02\/logoCSH.png\" class=\"attachment-large size-large wp-image-318\" alt=\"\" srcset=\"https:\/\/casaabierta.azc.uam.mx\/wp-content\/uploads\/2022\/02\/logoCSH.png 433w, https:\/\/casaabierta.azc.uam.mx\/wp-content\/uploads\/2022\/02\/logoCSH-300x109.png 300w\" sizes=\"(max-width: 433px) 100vw, 433px\" \/>\t\t\t\t\t\t\t\t<\/a>\n\t\t\t\t\t\t\t\t\t\t\t\t\t<\/div>\n\t\t\t\t<\/div>\n\t\t\t\t\t<\/div>\n\t\t<\/div>\n\t\t\t\t<div class=\"elementor-column elementor-col-25 elementor-inner-column elementor-element elementor-element-ad2ef30\" data-id=\"ad2ef30\" data-element_type=\"column\">\n\t\t\t<div class=\"elementor-widget-wrap elementor-element-populated\">\n\t\t\t\t\t\t<div class=\"elementor-element elementor-element-c0c728d elementor-widget elementor-widget-image\" data-id=\"c0c728d\" data-element_type=\"widget\" data-widget_type=\"image.default\">\n\t\t\t\t<div class=\"elementor-widget-container\">\n\t\t\t\t\t\t\t\t\t\t\t\t\t\t<a href=\"#\">\n\t\t\t\t\t\t\t<img decoding=\"async\" width=\"433\" height=\"158\" src=\"https:\/\/casaabierta.azc.uam.mx\/wp-content\/uploads\/2022\/02\/logoCAD.png\" class=\"attachment-large size-large wp-image-315\" alt=\"\" srcset=\"https:\/\/casaabierta.azc.uam.mx\/wp-content\/uploads\/2022\/02\/logoCAD.png 433w, https:\/\/casaabierta.azc.uam.mx\/wp-content\/uploads\/2022\/02\/logoCAD-300x109.png 300w\" sizes=\"(max-width: 433px) 100vw, 433px\" \/>\t\t\t\t\t\t\t\t<\/a>\n\t\t\t\t\t\t\t\t\t\t\t\t\t<\/div>\n\t\t\t\t<\/div>\n\t\t\t\t\t<\/div>\n\t\t<\/div>\n\t\t\t\t<div class=\"elementor-column elementor-col-25 elementor-inner-column elementor-element elementor-element-9b38223\" data-id=\"9b38223\" data-element_type=\"column\">\n\t\t\t<div class=\"elementor-widget-wrap elementor-element-populated\">\n\t\t\t\t\t\t<div class=\"elementor-element elementor-element-ce65c13 elementor-widget elementor-widget-image\" data-id=\"ce65c13\" data-element_type=\"widget\" data-widget_type=\"image.default\">\n\t\t\t\t<div class=\"elementor-widget-container\">\n\t\t\t\t\t\t\t\t\t\t\t\t\t\t<a href=\"http:\/\/lenguas.azc.uam.mx\/\">\n\t\t\t\t\t\t\t<img loading=\"lazy\" decoding=\"async\" width=\"259\" height=\"84\" src=\"https:\/\/casaabierta.azc.uam.mx\/wp-content\/uploads\/2022\/02\/logoCELEX.png\" class=\"attachment-large size-large wp-image-317\" alt=\"\" \/>\t\t\t\t\t\t\t\t<\/a>\n\t\t\t\t\t\t\t\t\t\t\t\t\t<\/div>\n\t\t\t\t<\/div>\n\t\t\t\t\t<\/div>\n\t\t<\/div>\n\t\t\t\t\t<\/div>\n\t\t<\/section>\n\t\t\t\t\t<\/div>\n\t\t<\/div>\n\t\t\t\t\t<\/div>\n\t\t<\/section>\n\t\t\t\t<section class=\"elementor-section elementor-top-section elementor-element elementor-element-5f8f1d4 elementor-section-full_width elementor-section-height-default elementor-section-height-default\" data-id=\"5f8f1d4\" data-element_type=\"section\">\n\t\t\t\t\t\t<div class=\"elementor-container elementor-column-gap-default\">\n\t\t\t\t\t<div class=\"elementor-column elementor-col-100 elementor-top-column elementor-element elementor-element-bb1e28e\" data-id=\"bb1e28e\" data-element_type=\"column\">\n\t\t\t<div class=\"elementor-widget-wrap elementor-element-populated\">\n\t\t\t\t\t\t<div class=\"elementor-element elementor-element-35a3ec8 elementor-widget elementor-widget-spacer\" data-id=\"35a3ec8\" data-element_type=\"widget\" data-widget_type=\"spacer.default\">\n\t\t\t\t<div class=\"elementor-widget-container\">\n\t\t\t\t\t<div class=\"elementor-spacer\">\n\t\t\t<div class=\"elementor-spacer-inner\"><\/div>\n\t\t<\/div>\n\t\t\t\t<\/div>\n\t\t\t\t<\/div>\n\t\t\t\t\t<\/div>\n\t\t<\/div>\n\t\t\t\t\t<\/div>\n\t\t<\/section>\n\t\t\t\t<\/div>\n\t\t","protected":false},"excerpt":{"rendered":"<p>Evaluaciones Recuperaci\u00f3n \/ UEA Trimestre \u00a0 ALUMNAS, ALUMNOS: Aqu\u00ed podr\u00e1s localizar a las profesoras y los profesores asignados para las Evaluaciones de Recuperaci\u00f3n a las que te inscribiste, sus correos &#8230;<\/p>\n","protected":false},"author":1,"featured_media":0,"parent":0,"menu_order":0,"comment_status":"closed","ping_status":"closed","template":"elementor_header_footer","meta":{"footnotes":""},"class_list":["post-256","page","type-page","status-publish","hentry"],"_links":{"self":[{"href":"https:\/\/casaabierta.azc.uam.mx\/index.php?rest_route=\/wp\/v2\/pages\/256","targetHints":{"allow":["GET"]}}],"collection":[{"href":"https:\/\/casaabierta.azc.uam.mx\/index.php?rest_route=\/wp\/v2\/pages"}],"about":[{"href":"https:\/\/casaabierta.azc.uam.mx\/index.php?rest_route=\/wp\/v2\/types\/page"}],"author":[{"embeddable":true,"href":"https:\/\/casaabierta.azc.uam.mx\/index.php?rest_route=\/wp\/v2\/users\/1"}],"replies":[{"embeddable":true,"href":"https:\/\/casaabierta.azc.uam.mx\/index.php?rest_route=%2Fwp%2Fv2%2Fcomments&post=256"}],"version-history":[{"count":183,"href":"https:\/\/casaabierta.azc.uam.mx\/index.php?rest_route=\/wp\/v2\/pages\/256\/revisions"}],"predecessor-version":[{"id":969,"href":"https:\/\/casaabierta.azc.uam.mx\/index.php?rest_route=\/wp\/v2\/pages\/256\/revisions\/969"}],"wp:attachment":[{"href":"https:\/\/casaabierta.azc.uam.mx\/index.php?rest_route=%2Fwp%2Fv2%2Fmedia&parent=256"}],"curies":[{"name":"wp","href":"https:\/\/api.w.org\/{rel}","templated":true}]}}